{"id":2774,"date":"2026-01-07T14:31:27","date_gmt":"2026-01-07T14:31:27","guid":{"rendered":"https:\/\/heijel.boostr2.enoas.se\/cookiepolicy\/"},"modified":"2026-03-05T12:17:28","modified_gmt":"2026-03-05T12:17:28","slug":"cookiepolicy","status":"publish","type":"page","link":"https:\/\/heijel.boostr2.enoas.se\/en\/cookiepolicy\/","title":{"rendered":"Cookiepolicy"},"content":{"rendered":"\n<h1 class=\"wp-block-heading\">Cookies p\u00e5 heijel.se<\/h1>\n\n<p>Denna webbplats anv\u00e4nder cookies. Cookies \u00e4r sm\u00e5 textfiler som lagras p\u00e5 anv\u00e4ndarens enhet och som g\u00f6r det m\u00f6jligt f\u00f6r webbplatsen att k\u00e4nna igen en \u00e5terkommande bes\u00f6kare samt f\u00f6rb\u00e4ttra funktionalitet och anv\u00e4ndarupplevelse.<\/p>\n\n<p>Vid bes\u00f6k p\u00e5 heijel.se kan cookies anv\u00e4ndas f\u00f6r att s\u00e4kerst\u00e4lla att webbplatsen fungerar korrekt, f\u00f6r att analysera trafik och anv\u00e4ndarbeteende samt f\u00f6r att f\u00f6rb\u00e4ttra inneh\u00e5ll och funktioner. I vissa fall kan \u00e4ven tredjepartstj\u00e4nster, s\u00e5som analysverktyg eller sociala medieplattformar, placera cookies p\u00e5 anv\u00e4ndarens enhet.<\/p>\n\n<p>Enligt lagen om elektronisk kommunikation f\u00e5r n\u00f6dv\u00e4ndiga cookies lagras p\u00e5 anv\u00e4ndarens enhet utan samtycke, d\u00e5 de kr\u00e4vs f\u00f6r att webbplatsen ska fungera korrekt. F\u00f6r \u00f6vriga cookies kr\u00e4vs anv\u00e4ndarens samtycke. Samtycke kan l\u00e4mnas via webbplatsens cookie-inst\u00e4llningar och kan n\u00e4r som helst \u00e4ndras eller \u00e5terkallas.<\/p>\n\n<p>Information som samlas in genom cookies kan i vissa fall delas med samarbetspartners inom analys och marknadsf\u00f6ring. Dessa parter kan kombinera informationen med annan information som anv\u00e4ndaren har l\u00e4mnat till dem eller som de har samlat in n\u00e4r anv\u00e4ndaren har anv\u00e4nt deras tj\u00e4nster.<\/p>\n\n<p>N\u00e4rmare information om hur Heijel Production AB behandlar personuppgifter finns i integritetspolicyn. Vid fr\u00e5gor om behandling av personuppgifter kan Heijel Production AB kontaktas via <a>info@heijel.se<\/a>.<\/p>\n","protected":false},"excerpt":{"rendered":"<p>Cookies p\u00e5 heijel.se Denna webbplats anv\u00e4nder cookies. Cookies \u00e4r sm\u00e5 textfiler som lagras p\u00e5 anv\u00e4ndarens enhet och som g\u00f6r det m\u00f6jligt f\u00f6r webbplatsen att k\u00e4nna igen en \u00e5terkommande bes\u00f6kare samt f\u00f6rb\u00e4ttra funktionalitet och anv\u00e4ndarupplevelse. Vid bes\u00f6k p\u00e5 heijel.se kan cookies anv\u00e4ndas f\u00f6r att s\u00e4kerst\u00e4lla att webbplatsen fungerar korrekt, f\u00f6r att analysera trafik och anv\u00e4ndarbeteende samt [&hellip;]<\/p>\n","protected":false},"author":1,"featured_media":0,"parent":0,"menu_order":0,"comment_status":"closed","ping_status":"closed","template":"","meta":{"_acf_changed":false,"footnotes":""},"class_list":["post-2774","page","type-page","status-publish","hentry"],"blocksy_meta":{"has_hero_section":"disabled","styles_descriptor":{"styles":{"desktop":"","tablet":"","mobile":""},"google_fonts":[],"version":6}},"acf":[],"yoast_head":"<!-- This site is optimized with the Yoast SEO plugin v26.9 - https:\/\/yoast.com\/product\/yoast-seo-wordpress\/ -->\n<title>Cookiepolicy - heijel<\/title>\n<meta name=\"robots\" content=\"noindex, follow, max-snippet:-1, max-image-preview:large, max-video-preview:-1\" \/>\n<meta property=\"og:locale\" content=\"en_US\" \/>\n<meta property=\"og:type\" content=\"article\" \/>\n<meta property=\"og:title\" content=\"Cookiepolicy - heijel\" \/>\n<meta property=\"og:description\" content=\"Cookies p\u00e5 heijel.se Denna webbplats anv\u00e4nder cookies. Cookies \u00e4r sm\u00e5 textfiler som lagras p\u00e5 anv\u00e4ndarens enhet och som g\u00f6r det m\u00f6jligt f\u00f6r webbplatsen att k\u00e4nna igen en \u00e5terkommande bes\u00f6kare samt f\u00f6rb\u00e4ttra funktionalitet och anv\u00e4ndarupplevelse. Vid bes\u00f6k p\u00e5 heijel.se kan cookies anv\u00e4ndas f\u00f6r att s\u00e4kerst\u00e4lla att webbplatsen fungerar korrekt, f\u00f6r att analysera trafik och anv\u00e4ndarbeteende samt [&hellip;]\" \/>\n<meta property=\"og:url\" content=\"https:\/\/heijel.boostr2.enoas.se\/en\/cookiepolicy\/\" \/>\n<meta property=\"og:site_name\" content=\"heijel\" \/>\n<meta property=\"article:modified_time\" content=\"2026-03-05T12:17:28+00:00\" \/>\n<meta name=\"twitter:card\" content=\"summary_large_image\" \/>\n<meta name=\"twitter:label1\" content=\"Est. reading time\" \/>\n\t<meta name=\"twitter:data1\" content=\"1 minute\" \/>\n<script type=\"application\/ld+json\" class=\"yoast-schema-graph\">{\"@context\":\"https:\/\/schema.org\",\"@graph\":[{\"@type\":\"WebPage\",\"@id\":\"https:\/\/heijel.boostr2.enoas.se\/en\/cookiepolicy\/\",\"url\":\"https:\/\/heijel.boostr2.enoas.se\/en\/cookiepolicy\/\",\"name\":\"Cookiepolicy - heijel\",\"isPartOf\":{\"@id\":\"https:\/\/heijel.boostr2.enoas.se\/en\/#website\"},\"datePublished\":\"2026-01-07T14:31:27+00:00\",\"dateModified\":\"2026-03-05T12:17:28+00:00\",\"breadcrumb\":{\"@id\":\"https:\/\/heijel.boostr2.enoas.se\/en\/cookiepolicy\/#breadcrumb\"},\"inLanguage\":\"en-US\",\"potentialAction\":[{\"@type\":\"ReadAction\",\"target\":[\"https:\/\/heijel.boostr2.enoas.se\/en\/cookiepolicy\/\"]}]},{\"@type\":\"BreadcrumbList\",\"@id\":\"https:\/\/heijel.boostr2.enoas.se\/en\/cookiepolicy\/#breadcrumb\",\"itemListElement\":[{\"@type\":\"ListItem\",\"position\":1,\"name\":\"Home\",\"item\":\"https:\/\/heijel.boostr2.enoas.se\/en\/\"},{\"@type\":\"ListItem\",\"position\":2,\"name\":\"Cookiepolicy\"}]},{\"@type\":\"WebSite\",\"@id\":\"https:\/\/heijel.boostr2.enoas.se\/en\/#website\",\"url\":\"https:\/\/heijel.boostr2.enoas.se\/en\/\",\"name\":\"heijel\",\"description\":\"\",\"publisher\":{\"@id\":\"https:\/\/heijel.boostr2.enoas.se\/en\/#organization\"},\"potentialAction\":[{\"@type\":\"SearchAction\",\"target\":{\"@type\":\"EntryPoint\",\"urlTemplate\":\"https:\/\/heijel.boostr2.enoas.se\/en\/?s={search_term_string}\"},\"query-input\":{\"@type\":\"PropertyValueSpecification\",\"valueRequired\":true,\"valueName\":\"search_term_string\"}}],\"inLanguage\":\"en-US\"},{\"@type\":\"Organization\",\"@id\":\"https:\/\/heijel.boostr2.enoas.se\/en\/#organization\",\"name\":\"heijel\",\"url\":\"https:\/\/heijel.boostr2.enoas.se\/en\/\",\"logo\":{\"@type\":\"ImageObject\",\"inLanguage\":\"en-US\",\"@id\":\"https:\/\/heijel.boostr2.enoas.se\/en\/#\/schema\/logo\/image\/\",\"url\":\"https:\/\/heijel.boostr2.enoas.se\/app\/uploads\/2026\/01\/heijelwhite-scaled.webp\",\"contentUrl\":\"https:\/\/heijel.boostr2.enoas.se\/app\/uploads\/2026\/01\/heijelwhite-scaled.webp\",\"width\":2560,\"height\":871,\"caption\":\"heijel\"},\"image\":{\"@id\":\"https:\/\/heijel.boostr2.enoas.se\/en\/#\/schema\/logo\/image\/\"}}]}<\/script>\n<!-- \/ Yoast SEO plugin. -->","yoast_head_json":{"title":"Cookiepolicy - heijel","robots":{"index":"noindex","follow":"follow","max-snippet":"max-snippet:-1","max-image-preview":"max-image-preview:large","max-video-preview":"max-video-preview:-1"},"og_locale":"en_US","og_type":"article","og_title":"Cookiepolicy - heijel","og_description":"Cookies p\u00e5 heijel.se Denna webbplats anv\u00e4nder cookies. Cookies \u00e4r sm\u00e5 textfiler som lagras p\u00e5 anv\u00e4ndarens enhet och som g\u00f6r det m\u00f6jligt f\u00f6r webbplatsen att k\u00e4nna igen en \u00e5terkommande bes\u00f6kare samt f\u00f6rb\u00e4ttra funktionalitet och anv\u00e4ndarupplevelse. Vid bes\u00f6k p\u00e5 heijel.se kan cookies anv\u00e4ndas f\u00f6r att s\u00e4kerst\u00e4lla att webbplatsen fungerar korrekt, f\u00f6r att analysera trafik och anv\u00e4ndarbeteende samt [&hellip;]","og_url":"https:\/\/heijel.boostr2.enoas.se\/en\/cookiepolicy\/","og_site_name":"heijel","article_modified_time":"2026-03-05T12:17:28+00:00","twitter_card":"summary_large_image","twitter_misc":{"Est. reading time":"1 minute"},"schema":{"@context":"https:\/\/schema.org","@graph":[{"@type":"WebPage","@id":"https:\/\/heijel.boostr2.enoas.se\/en\/cookiepolicy\/","url":"https:\/\/heijel.boostr2.enoas.se\/en\/cookiepolicy\/","name":"Cookiepolicy - heijel","isPartOf":{"@id":"https:\/\/heijel.boostr2.enoas.se\/en\/#website"},"datePublished":"2026-01-07T14:31:27+00:00","dateModified":"2026-03-05T12:17:28+00:00","breadcrumb":{"@id":"https:\/\/heijel.boostr2.enoas.se\/en\/cookiepolicy\/#breadcrumb"},"inLanguage":"en-US","potentialAction":[{"@type":"ReadAction","target":["https:\/\/heijel.boostr2.enoas.se\/en\/cookiepolicy\/"]}]},{"@type":"BreadcrumbList","@id":"https:\/\/heijel.boostr2.enoas.se\/en\/cookiepolicy\/#breadcrumb","itemListElement":[{"@type":"ListItem","position":1,"name":"Home","item":"https:\/\/heijel.boostr2.enoas.se\/en\/"},{"@type":"ListItem","position":2,"name":"Cookiepolicy"}]},{"@type":"WebSite","@id":"https:\/\/heijel.boostr2.enoas.se\/en\/#website","url":"https:\/\/heijel.boostr2.enoas.se\/en\/","name":"heijel","description":"","publisher":{"@id":"https:\/\/heijel.boostr2.enoas.se\/en\/#organization"},"potentialAction":[{"@type":"SearchAction","target":{"@type":"EntryPoint","urlTemplate":"https:\/\/heijel.boostr2.enoas.se\/en\/?s={search_term_string}"},"query-input":{"@type":"PropertyValueSpecification","valueRequired":true,"valueName":"search_term_string"}}],"inLanguage":"en-US"},{"@type":"Organization","@id":"https:\/\/heijel.boostr2.enoas.se\/en\/#organization","name":"heijel","url":"https:\/\/heijel.boostr2.enoas.se\/en\/","logo":{"@type":"ImageObject","inLanguage":"en-US","@id":"https:\/\/heijel.boostr2.enoas.se\/en\/#\/schema\/logo\/image\/","url":"https:\/\/heijel.boostr2.enoas.se\/app\/uploads\/2026\/01\/heijelwhite-scaled.webp","contentUrl":"https:\/\/heijel.boostr2.enoas.se\/app\/uploads\/2026\/01\/heijelwhite-scaled.webp","width":2560,"height":871,"caption":"heijel"},"image":{"@id":"https:\/\/heijel.boostr2.enoas.se\/en\/#\/schema\/logo\/image\/"}}]}},"_links":{"self":[{"href":"https:\/\/heijel.boostr2.enoas.se\/en\/wp-json\/wp\/v2\/pages\/2774","targetHints":{"allow":["GET"]}}],"collection":[{"href":"https:\/\/heijel.boostr2.enoas.se\/en\/wp-json\/wp\/v2\/pages"}],"about":[{"href":"https:\/\/heijel.boostr2.enoas.se\/en\/wp-json\/wp\/v2\/types\/page"}],"author":[{"embeddable":true,"href":"https:\/\/heijel.boostr2.enoas.se\/en\/wp-json\/wp\/v2\/users\/1"}],"replies":[{"embeddable":true,"href":"https:\/\/heijel.boostr2.enoas.se\/en\/wp-json\/wp\/v2\/comments?post=2774"}],"version-history":[{"count":3,"href":"https:\/\/heijel.boostr2.enoas.se\/en\/wp-json\/wp\/v2\/pages\/2774\/revisions"}],"predecessor-version":[{"id":3115,"href":"https:\/\/heijel.boostr2.enoas.se\/en\/wp-json\/wp\/v2\/pages\/2774\/revisions\/3115"}],"wp:attachment":[{"href":"https:\/\/heijel.boostr2.enoas.se\/en\/wp-json\/wp\/v2\/media?parent=2774"}],"curies":[{"name":"wp","href":"https:\/\/api.w.org\/{rel}","templated":true}]}}