{"id":3055,"date":"2026-01-09T07:11:31","date_gmt":"2026-01-09T07:11:31","guid":{"rendered":"https:\/\/heijel.boostr2.enoas.se\/case-study\/"},"modified":"2026-03-05T07:22:00","modified_gmt":"2026-03-05T07:22:00","slug":"case-study","status":"publish","type":"page","link":"https:\/\/heijel.boostr2.enoas.se\/en\/case-study\/","title":{"rendered":"Case study"},"content":{"rendered":"\n<div class=\"wp-block-cover alignfull hero-block-secondary\" style=\"margin-top:0;margin-bottom:0;min-height:70vh;aspect-ratio:unset;\"><img data-dominant-color=\"616366\" data-has-transparency=\"false\" style=\"--dominant-color: #616366;\" loading=\"lazy\" decoding=\"async\" width=\"2560\" height=\"1708\" sizes=\"auto, (max-width: 2560px) 100vw, 2560px\" class=\"wp-block-cover__image-background wp-image-2172 size-full not-transparent\" alt=\"\" src=\"https:\/\/heijel.boostr2.enoas.se\/app\/uploads\/2026\/02\/DSC0880_200126_heijl.webp\" data-object-fit=\"cover\" srcset=\"https:\/\/heijel.boostr2.enoas.se\/app\/uploads\/2026\/02\/DSC0880_200126_heijl.webp 2560w, https:\/\/heijel.boostr2.enoas.se\/app\/uploads\/2026\/02\/DSC0880_200126_heijl-300x200.webp 300w, https:\/\/heijel.boostr2.enoas.se\/app\/uploads\/2026\/02\/DSC0880_200126_heijl-1024x683.webp 1024w, https:\/\/heijel.boostr2.enoas.se\/app\/uploads\/2026\/02\/DSC0880_200126_heijl-768x512.webp 768w, https:\/\/heijel.boostr2.enoas.se\/app\/uploads\/2026\/02\/DSC0880_200126_heijl-1536x1025.webp 1536w, https:\/\/heijel.boostr2.enoas.se\/app\/uploads\/2026\/02\/DSC0880_200126_heijl-2048x1366.webp 2048w\" \/><span aria-hidden=\"true\" class=\"wp-block-cover__background has-palette-color-1-background-color has-background-dim-40 has-background-dim\"><\/span><div class=\"wp-block-cover__inner-container is-layout-constrained wp-block-cover-is-layout-constrained\">\n<div class=\"wp-block-group heijel-secondary-hero is-content-justification-left is-layout-constrained wp-container-core-group-is-layout-5b3d42a2 wp-block-group-is-layout-constrained\">\n<h1 class=\"wp-block-heading has-palette-color-7-color has-text-color has-link-color wp-elements-ee73b69f64f6255ab8169c796ebb5bb2\">Case study<\/h1>\n\n\n\n<p class=\"has-medium-font-size\">Examples of how we work closely with our customers to develop and manufacture wire products tailored to real needs.<\/p>\n<\/div>\n<\/div><\/div>\n\n<div style=\"margin-top:0;margin-bottom:0;height:100px\" aria-hidden=\"true\" class=\"wp-block-spacer heijel-distance-block\"><\/div>\n\n<div class=\"wp-block-group alignwide is-layout-constrained wp-container-core-group-is-layout-156f4771 wp-block-group-is-layout-constrained\" style=\"margin-top:0;margin-bottom:0\">\n<h2 class=\"wp-block-heading has-text-align-center\">Examples of Customized Solutions<\/h2>\n\n\n\n<p class=\"has-text-align-center\">Our customer cases provide insight into how we collaborate with clients across various industries and applications. Through close dialogue, in-house production, and strong material expertise, we develop solutions adapted to function, environment, and workflow.<br\/>Here we share examples of projects where quality, flexibility, and long-term partnerships are at the center. <\/p>\n<\/div>\n\n<div style=\"margin-top:0;margin-bottom:0;height:100px\" aria-hidden=\"true\" class=\"wp-block-spacer heijel-distance-block\"><\/div>\n\n<div class=\"kundcase-grid-block wp-block alignwide\">\n        \n            <div class=\"kundcase-grid\">\n                            <article class=\"kundcase-card\">\n                                            <a href=\"https:\/\/heijel.boostr2.enoas.se\/en\/kundcase\/nwt-part-of-hilding-group\/\" class=\"kundcase-image\">\n                            <img loading=\"lazy\" decoding=\"async\" width=\"640\" height=\"518\" src=\"https:\/\/heijel.boostr2.enoas.se\/app\/uploads\/2026\/02\/ebba-kontaktbild.webp\" class=\"attachment-medium_large size-medium_large wp-post-image\" alt=\"\" srcset=\"https:\/\/heijel.boostr2.enoas.se\/app\/uploads\/2026\/02\/ebba-kontaktbild.webp 640w, https:\/\/heijel.boostr2.enoas.se\/app\/uploads\/2026\/02\/ebba-kontaktbild-300x243.webp 300w\" sizes=\"auto, (max-width: 640px) 100vw, 640px\" \/>                        <\/a>\n                                        \n                    <div class=\"kundcase-content\">\n                        <h3 class=\"kundcase-title\">\n                            <a href=\"https:\/\/heijel.boostr2.enoas.se\/en\/kundcase\/nwt-part-of-hilding-group\/\">\n                                NWT \u2013 part of hilding group                            <\/a>\n                        <\/h3>\n                        \n                                                    <div class=\"kundcase-excerpt\">\n                                Heijel manufactures wire ladders for the customer in accordance with their requirements for functionality,&#8230;                            <\/div>\n                                                \n                        <a href=\"https:\/\/heijel.boostr2.enoas.se\/en\/kundcase\/nwt-part-of-hilding-group\/\" class=\"kundcase-link arrow-button-link\">\n                            L\u00e4s mer                        <\/a>\n                    <\/div>\n                <\/article>\n                            <article class=\"kundcase-card\">\n                                            <a href=\"https:\/\/heijel.boostr2.enoas.se\/en\/kundcase\/essem\/\" class=\"kundcase-image\">\n                            <img loading=\"lazy\" decoding=\"async\" width=\"768\" height=\"1152\" src=\"https:\/\/heijel.boostr2.enoas.se\/app\/uploads\/2026\/01\/ESSEM-PORTRATT-HEJ-0172-ny-768x1152.webp\" class=\"attachment-medium_large size-medium_large wp-post-image\" alt=\"\" srcset=\"https:\/\/heijel.boostr2.enoas.se\/app\/uploads\/2026\/01\/ESSEM-PORTRATT-HEJ-0172-ny-768x1152.webp 768w, https:\/\/heijel.boostr2.enoas.se\/app\/uploads\/2026\/01\/ESSEM-PORTRATT-HEJ-0172-ny-200x300.webp 200w, https:\/\/heijel.boostr2.enoas.se\/app\/uploads\/2026\/01\/ESSEM-PORTRATT-HEJ-0172-ny-682x1024.webp 682w, https:\/\/heijel.boostr2.enoas.se\/app\/uploads\/2026\/01\/ESSEM-PORTRATT-HEJ-0172-ny-1024x1536.webp 1024w, https:\/\/heijel.boostr2.enoas.se\/app\/uploads\/2026\/01\/ESSEM-PORTRATT-HEJ-0172-ny.webp 1333w\" sizes=\"auto, (max-width: 768px) 100vw, 768px\" \/>                        <\/a>\n                                        \n                    <div class=\"kundcase-content\">\n                        <h3 class=\"kundcase-title\">\n                            <a href=\"https:\/\/heijel.boostr2.enoas.se\/en\/kundcase\/essem\/\">\n                                Essem                            <\/a>\n                        <\/h3>\n                        \n                                                    <div class=\"kundcase-excerpt\">\n                                Heijel manufactures wire mesh components for the customer\u2019s products in accordance with their specific&#8230;                            <\/div>\n                                                \n                        <a href=\"https:\/\/heijel.boostr2.enoas.se\/en\/kundcase\/essem\/\" class=\"kundcase-link arrow-button-link\">\n                            L\u00e4s mer                        <\/a>\n                    <\/div>\n                <\/article>\n                    <\/div>\n            <\/div>\n\n<div style=\"margin-top:0;margin-bottom:0;height:100px\" aria-hidden=\"true\" class=\"wp-block-spacer heijel-distance-block\"><\/div>\n\n<div class=\"wp-block-group alignfull has-palette-color-1-background-color has-background is-layout-constrained wp-container-core-group-is-layout-20d73a3e wp-block-group-is-layout-constrained\" style=\"margin-top:0;margin-bottom:0;padding-top:var(--wp--preset--spacing--80);padding-right:var(--wp--preset--spacing--70);padding-bottom:var(--wp--preset--spacing--80);padding-left:var(--wp--preset--spacing--70)\">\n<div class=\"wp-block-group is-layout-constrained wp-container-core-group-is-layout-40e9eaf8 wp-block-group-is-layout-constrained\">\n<h2 class=\"wp-block-heading has-palette-color-7-color has-text-color has-link-color wp-elements-d59baff8df3a67cc30c819f3ae44972f\">Beh\u00f6ver du en p\u00e5litlig tillverkningspartner?<\/h2>\n\n\n\n<div class=\"wp-block-group is-content-justification-left is-layout-constrained wp-container-core-group-is-layout-74cbbf86 wp-block-group-is-layout-constrained\">\n<p class=\"has-palette-color-7-color has-text-color has-link-color wp-elements-d9136a02f00376930c6044564c9c65bf\">Kontakta oss f\u00f6r offert eller fr\u00e5gor kring produktion, materialval och leverans. Vi hj\u00e4lper dig g\u00e4rna vidare och \u00e5terkommer snabbt.<\/p>\n<\/div>\n\n\n\n<div class=\"wp-block-buttons is-layout-flex wp-block-buttons-is-layout-flex\">\n<div class=\"wp-block-button\"><a class=\"wp-block-button__link has-palette-color-9-background-color has-background wp-element-button\" href=\"https:\/\/heijel.boostr2.enoas.se\/kontakt\/\">Kontakta oss<\/a><\/div>\n<\/div>\n<\/div>\n<\/div>\n\n<div style=\"margin-top:0;margin-bottom:0;height:100px\" aria-hidden=\"true\" class=\"wp-block-spacer heijel-distance-block\"><\/div>\n\n<div class=\"wp-block-group heijel-three-grid heijel-grid is-layout-grid wp-container-core-group-is-layout-988b637e wp-block-group-is-layout-grid\">\n<div class=\"image-link-card-block wp-block alignwide image-link-card-block--16_9\">\n            <a href=\"https:\/\/heijel.boostr2.enoas.se\/products\/\"\n           class=\"image-link-card-link\"\n           target=\"_self\"\n                       title=\"Products\">\n            <span class=\"image-link-card-image-wrap\">\n            <img decoding=\"async\" src=\"https:\/\/heijel.boostr2.enoas.se\/app\/uploads\/2026\/02\/DSC0307_200126_heijl-683x1024.webp\" alt=\"\" class=\"image-link-card-image\">\n        <\/span>\n                    <span class=\"image-link-card-title-wrap\">\n                <span class=\"image-link-card-title\">Read more about Products<\/span>\n            <\/span>\n                    <\/a>\n    <\/div>\n\n\n\n<div class=\"image-link-card-block wp-block alignwide image-link-card-block--16_9\">\n            <a href=\"https:\/\/heijel.boostr2.enoas.se\/production\/\"\n           class=\"image-link-card-link\"\n           target=\"_self\"\n                       title=\"Custom Solutions\">\n            <span class=\"image-link-card-image-wrap\">\n            <img decoding=\"async\" src=\"https:\/\/heijel.boostr2.enoas.se\/app\/uploads\/2026\/02\/DSC0355_200126_heijl-1024x683.webp\" alt=\"\" class=\"image-link-card-image\">\n        <\/span>\n                    <span class=\"image-link-card-title-wrap\">\n                <span class=\"image-link-card-title\">Read more about Production<\/span>\n            <\/span>\n                    <\/a>\n    <\/div>\n\n\n\n<div class=\"image-link-card-block wp-block alignwide image-link-card-block--16_9\">\n            <a href=\"http:\/\/heijel.local\/customsolutions\/\"\n           class=\"image-link-card-link\"\n           target=\"_self\"\n                       title=\"Custom Solutions\">\n            <span class=\"image-link-card-image-wrap\">\n            <img decoding=\"async\" src=\"https:\/\/heijel.boostr2.enoas.se\/app\/uploads\/2026\/02\/DSC0495_200126_heijl-1024x683.webp\" alt=\"\" class=\"image-link-card-image\">\n        <\/span>\n                    <span class=\"image-link-card-title-wrap\">\n                <span class=\"image-link-card-title\">Read more about Custom Solutions<\/span>\n            <\/span>\n                    <\/a>\n    <\/div>\n<\/div>\n\n<div style=\"margin-top:0;margin-bottom:0;height:100px\" aria-hidden=\"true\" class=\"wp-block-spacer heijel-distance-block\"><\/div>\n","protected":false},"excerpt":{"rendered":"<p>Examples of Customized Solutions Our customer cases provide insight into how we collaborate with clients across various industries and applications. Through close dialogue, in-house production, and strong material expertise, we develop solutions adapted to function, environment, and workflow.Here we share examples of projects where quality, flexibility, and long-term partnerships are at the center.<\/p>\n","protected":false},"author":1,"featured_media":0,"parent":0,"menu_order":0,"comment_status":"closed","ping_status":"closed","template":"","meta":{"_acf_changed":false,"footnotes":""},"class_list":["post-3055","page","type-page","status-publish","hentry"],"blocksy_meta":{"has_hero_section":"disabled","styles_descriptor":{"styles":{"desktop":"","tablet":"","mobile":""},"google_fonts":[],"version":6}},"acf":[],"yoast_head":"<!-- This site is optimized with the Yoast SEO plugin v26.9 - https:\/\/yoast.com\/product\/yoast-seo-wordpress\/ -->\n<title>Case study - heijel<\/title>\n<meta name=\"robots\" content=\"noindex, follow, max-snippet:-1, max-image-preview:large, max-video-preview:-1\" \/>\n<meta property=\"og:locale\" content=\"en_US\" \/>\n<meta property=\"og:type\" content=\"article\" \/>\n<meta property=\"og:title\" content=\"Case study - heijel\" \/>\n<meta property=\"og:description\" content=\"Examples of Customized Solutions Our customer cases provide insight into how we collaborate with clients across various industries and applications. Through close dialogue, in-house production, and strong material expertise, we develop solutions adapted to function, environment, and workflow.Here we share examples of projects where quality, flexibility, and long-term partnerships are at the center.\" \/>\n<meta property=\"og:url\" content=\"https:\/\/heijel.boostr2.enoas.se\/en\/case-study\/\" \/>\n<meta property=\"og:site_name\" content=\"heijel\" \/>\n<meta property=\"article:modified_time\" content=\"2026-03-05T07:22:00+00:00\" \/>\n<meta property=\"og:image\" content=\"https:\/\/heijel.boostr2.enoas.se\/app\/uploads\/2026\/02\/DSC0880_200126_heijl.webp\" \/>\n<meta name=\"twitter:card\" content=\"summary_large_image\" \/>\n<script type=\"application\/ld+json\" class=\"yoast-schema-graph\">{\"@context\":\"https:\/\/schema.org\",\"@graph\":[{\"@type\":\"WebPage\",\"@id\":\"https:\/\/heijel.boostr2.enoas.se\/en\/case-study\/\",\"url\":\"https:\/\/heijel.boostr2.enoas.se\/en\/case-study\/\",\"name\":\"Case study - heijel\",\"isPartOf\":{\"@id\":\"https:\/\/heijel.boostr2.enoas.se\/en\/#website\"},\"primaryImageOfPage\":{\"@id\":\"https:\/\/heijel.boostr2.enoas.se\/en\/case-study\/#primaryimage\"},\"image\":{\"@id\":\"https:\/\/heijel.boostr2.enoas.se\/en\/case-study\/#primaryimage\"},\"thumbnailUrl\":\"https:\/\/heijel.boostr2.enoas.se\/app\/uploads\/2026\/02\/DSC0880_200126_heijl.webp\",\"datePublished\":\"2026-01-09T07:11:31+00:00\",\"dateModified\":\"2026-03-05T07:22:00+00:00\",\"breadcrumb\":{\"@id\":\"https:\/\/heijel.boostr2.enoas.se\/en\/case-study\/#breadcrumb\"},\"inLanguage\":\"en-US\",\"potentialAction\":[{\"@type\":\"ReadAction\",\"target\":[\"https:\/\/heijel.boostr2.enoas.se\/en\/case-study\/\"]}]},{\"@type\":\"ImageObject\",\"inLanguage\":\"en-US\",\"@id\":\"https:\/\/heijel.boostr2.enoas.se\/en\/case-study\/#primaryimage\",\"url\":\"https:\/\/heijel.boostr2.enoas.se\/app\/uploads\/2026\/02\/DSC0880_200126_heijl.webp\",\"contentUrl\":\"https:\/\/heijel.boostr2.enoas.se\/app\/uploads\/2026\/02\/DSC0880_200126_heijl.webp\"},{\"@type\":\"BreadcrumbList\",\"@id\":\"https:\/\/heijel.boostr2.enoas.se\/en\/case-study\/#breadcrumb\",\"itemListElement\":[{\"@type\":\"ListItem\",\"position\":1,\"name\":\"Home\",\"item\":\"https:\/\/heijel.boostr2.enoas.se\/en\/\"},{\"@type\":\"ListItem\",\"position\":2,\"name\":\"Case study\"}]},{\"@type\":\"WebSite\",\"@id\":\"https:\/\/heijel.boostr2.enoas.se\/en\/#website\",\"url\":\"https:\/\/heijel.boostr2.enoas.se\/en\/\",\"name\":\"heijel\",\"description\":\"\",\"publisher\":{\"@id\":\"https:\/\/heijel.boostr2.enoas.se\/en\/#organization\"},\"potentialAction\":[{\"@type\":\"SearchAction\",\"target\":{\"@type\":\"EntryPoint\",\"urlTemplate\":\"https:\/\/heijel.boostr2.enoas.se\/en\/?s={search_term_string}\"},\"query-input\":{\"@type\":\"PropertyValueSpecification\",\"valueRequired\":true,\"valueName\":\"search_term_string\"}}],\"inLanguage\":\"en-US\"},{\"@type\":\"Organization\",\"@id\":\"https:\/\/heijel.boostr2.enoas.se\/en\/#organization\",\"name\":\"heijel\",\"url\":\"https:\/\/heijel.boostr2.enoas.se\/en\/\",\"logo\":{\"@type\":\"ImageObject\",\"inLanguage\":\"en-US\",\"@id\":\"https:\/\/heijel.boostr2.enoas.se\/en\/#\/schema\/logo\/image\/\",\"url\":\"https:\/\/heijel.boostr2.enoas.se\/app\/uploads\/2026\/01\/heijelwhite-scaled.webp\",\"contentUrl\":\"https:\/\/heijel.boostr2.enoas.se\/app\/uploads\/2026\/01\/heijelwhite-scaled.webp\",\"width\":2560,\"height\":871,\"caption\":\"heijel\"},\"image\":{\"@id\":\"https:\/\/heijel.boostr2.enoas.se\/en\/#\/schema\/logo\/image\/\"}}]}<\/script>\n<!-- \/ Yoast SEO plugin. -->","yoast_head_json":{"title":"Case study - heijel","robots":{"index":"noindex","follow":"follow","max-snippet":"max-snippet:-1","max-image-preview":"max-image-preview:large","max-video-preview":"max-video-preview:-1"},"og_locale":"en_US","og_type":"article","og_title":"Case study - heijel","og_description":"Examples of Customized Solutions Our customer cases provide insight into how we collaborate with clients across various industries and applications. Through close dialogue, in-house production, and strong material expertise, we develop solutions adapted to function, environment, and workflow.Here we share examples of projects where quality, flexibility, and long-term partnerships are at the center.","og_url":"https:\/\/heijel.boostr2.enoas.se\/en\/case-study\/","og_site_name":"heijel","article_modified_time":"2026-03-05T07:22:00+00:00","og_image":[{"url":"https:\/\/heijel.boostr2.enoas.se\/app\/uploads\/2026\/02\/DSC0880_200126_heijl.webp","type":"","width":"","height":""}],"twitter_card":"summary_large_image","schema":{"@context":"https:\/\/schema.org","@graph":[{"@type":"WebPage","@id":"https:\/\/heijel.boostr2.enoas.se\/en\/case-study\/","url":"https:\/\/heijel.boostr2.enoas.se\/en\/case-study\/","name":"Case study - heijel","isPartOf":{"@id":"https:\/\/heijel.boostr2.enoas.se\/en\/#website"},"primaryImageOfPage":{"@id":"https:\/\/heijel.boostr2.enoas.se\/en\/case-study\/#primaryimage"},"image":{"@id":"https:\/\/heijel.boostr2.enoas.se\/en\/case-study\/#primaryimage"},"thumbnailUrl":"https:\/\/heijel.boostr2.enoas.se\/app\/uploads\/2026\/02\/DSC0880_200126_heijl.webp","datePublished":"2026-01-09T07:11:31+00:00","dateModified":"2026-03-05T07:22:00+00:00","breadcrumb":{"@id":"https:\/\/heijel.boostr2.enoas.se\/en\/case-study\/#breadcrumb"},"inLanguage":"en-US","potentialAction":[{"@type":"ReadAction","target":["https:\/\/heijel.boostr2.enoas.se\/en\/case-study\/"]}]},{"@type":"ImageObject","inLanguage":"en-US","@id":"https:\/\/heijel.boostr2.enoas.se\/en\/case-study\/#primaryimage","url":"https:\/\/heijel.boostr2.enoas.se\/app\/uploads\/2026\/02\/DSC0880_200126_heijl.webp","contentUrl":"https:\/\/heijel.boostr2.enoas.se\/app\/uploads\/2026\/02\/DSC0880_200126_heijl.webp"},{"@type":"BreadcrumbList","@id":"https:\/\/heijel.boostr2.enoas.se\/en\/case-study\/#breadcrumb","itemListElement":[{"@type":"ListItem","position":1,"name":"Home","item":"https:\/\/heijel.boostr2.enoas.se\/en\/"},{"@type":"ListItem","position":2,"name":"Case study"}]},{"@type":"WebSite","@id":"https:\/\/heijel.boostr2.enoas.se\/en\/#website","url":"https:\/\/heijel.boostr2.enoas.se\/en\/","name":"heijel","description":"","publisher":{"@id":"https:\/\/heijel.boostr2.enoas.se\/en\/#organization"},"potentialAction":[{"@type":"SearchAction","target":{"@type":"EntryPoint","urlTemplate":"https:\/\/heijel.boostr2.enoas.se\/en\/?s={search_term_string}"},"query-input":{"@type":"PropertyValueSpecification","valueRequired":true,"valueName":"search_term_string"}}],"inLanguage":"en-US"},{"@type":"Organization","@id":"https:\/\/heijel.boostr2.enoas.se\/en\/#organization","name":"heijel","url":"https:\/\/heijel.boostr2.enoas.se\/en\/","logo":{"@type":"ImageObject","inLanguage":"en-US","@id":"https:\/\/heijel.boostr2.enoas.se\/en\/#\/schema\/logo\/image\/","url":"https:\/\/heijel.boostr2.enoas.se\/app\/uploads\/2026\/01\/heijelwhite-scaled.webp","contentUrl":"https:\/\/heijel.boostr2.enoas.se\/app\/uploads\/2026\/01\/heijelwhite-scaled.webp","width":2560,"height":871,"caption":"heijel"},"image":{"@id":"https:\/\/heijel.boostr2.enoas.se\/en\/#\/schema\/logo\/image\/"}}]}},"_links":{"self":[{"href":"https:\/\/heijel.boostr2.enoas.se\/en\/wp-json\/wp\/v2\/pages\/3055","targetHints":{"allow":["GET"]}}],"collection":[{"href":"https:\/\/heijel.boostr2.enoas.se\/en\/wp-json\/wp\/v2\/pages"}],"about":[{"href":"https:\/\/heijel.boostr2.enoas.se\/en\/wp-json\/wp\/v2\/types\/page"}],"author":[{"embeddable":true,"href":"https:\/\/heijel.boostr2.enoas.se\/en\/wp-json\/wp\/v2\/users\/1"}],"replies":[{"embeddable":true,"href":"https:\/\/heijel.boostr2.enoas.se\/en\/wp-json\/wp\/v2\/comments?post=3055"}],"version-history":[{"count":4,"href":"https:\/\/heijel.boostr2.enoas.se\/en\/wp-json\/wp\/v2\/pages\/3055\/revisions"}],"predecessor-version":[{"id":3067,"href":"https:\/\/heijel.boostr2.enoas.se\/en\/wp-json\/wp\/v2\/pages\/3055\/revisions\/3067"}],"wp:attachment":[{"href":"https:\/\/heijel.boostr2.enoas.se\/en\/wp-json\/wp\/v2\/media?parent=3055"}],"curies":[{"name":"wp","href":"https:\/\/api.w.org\/{rel}","templated":true}]}}